{"id":1158,"date":"2025-03-15T10:39:03","date_gmt":"2025-03-15T10:39:03","guid":{"rendered":"https:\/\/www.akad.pl\/?page_id=1158"},"modified":"2026-04-19T11:45:15","modified_gmt":"2026-04-19T11:45:15","slug":"szkoly-akad","status":"publish","type":"page","link":"https:\/\/www.akad.pl\/en\/","title":{"rendered":"Szko\u0142y Akad"},"content":{"rendered":"\t\t<div data-elementor-type=\"wp-page\" data-elementor-id=\"1158\" class=\"elementor elementor-1158\">\n\t\t\t\t<div class=\"elementor-element elementor-element-3122639 e-con-full e-flex e-con e-parent\" data-id=\"3122639\" data-element_type=\"container\" data-settings=\"{&quot;background_background&quot;:&quot;classic&quot;}\">\n\t\t\t\t<div class=\"elementor-element elementor-element-2413070 elementor-widget elementor-widget-heading\" data-id=\"2413070\" data-element_type=\"widget\" data-widget_type=\"heading.default\">\n\t\t\t\t<div class=\"elementor-widget-container\">\n\t\t\t\t\t<h1 class=\"elementor-heading-title elementor-size-default\">Szko\u0142y Akad - nauka <i>jak <\/i> w domu<\/h1>\t\t\t\t<\/div>\n\t\t\t\t<\/div>\n\t\t\t\t<div class=\"elementor-element elementor-element-c11d02b elementor-position-left elementor-vertical-align-middle elementor-mobile-position-left elementor-view-default elementor-widget elementor-widget-icon-box\" data-id=\"c11d02b\" data-element_type=\"widget\" data-widget_type=\"icon-box.default\">\n\t\t\t\t<div class=\"elementor-widget-container\">\n\t\t\t\t\t\t\t<div class=\"elementor-icon-box-wrapper\">\n\n\t\t\t\t\t\t<div class=\"elementor-icon-box-icon\">\n\t\t\t\t<span  class=\"elementor-icon\">\n\t\t\t\t<svg aria-hidden=\"true\" class=\"e-font-icon-svg e-fas-phone\" viewBox=\"0 0 512 512\" xmlns=\"http:\/\/www.w3.org\/2000\/svg\"><path d=\"M493.4 24.6l-104-24c-11.3-2.6-22.9 3.3-27.5 13.9l-48 112c-4.2 9.8-1.4 21.3 6.9 28l60.6 49.6c-36 76.7-98.9 140.5-177.2 177.2l-49.6-60.6c-6.8-8.3-18.2-11.1-28-6.9l-112 48C3.9 366.5-2 378.1.6 389.4l24 104C27.1 504.2 36.7 512 48 512c256.1 0 464-207.5 464-464 0-11.2-7.7-20.9-18.6-23.4z\"><\/path><\/svg>\t\t\t\t<\/span>\n\t\t\t<\/div>\n\t\t\t\n\t\t\t\t\t\t<div class=\"elementor-icon-box-content\">\n\n\t\t\t\t\t\t\t\t\t<div class=\"elementor-icon-box-title\">\n\t\t\t\t\t\t<span  >\n\t\t\t\t\t\t\t(+48) 665 625 000\t\t\t\t\t\t<\/span>\n\t\t\t\t\t<\/div>\n\t\t\t\t\n\t\t\t\t\n\t\t\t<\/div>\n\t\t\t\n\t\t<\/div>\n\t\t\t\t\t\t<\/div>\n\t\t\t\t<\/div>\n\t\t\t\t<\/div>\n\t\t<div class=\"elementor-element elementor-element-dd7ac57 e-flex e-con-boxed e-con e-parent\" data-id=\"dd7ac57\" data-element_type=\"container\">\n\t\t\t\t\t<div class=\"e-con-inner\">\n\t\t<div class=\"elementor-element elementor-element-108d91a e-con-full e-flex e-con e-child\" data-id=\"108d91a\" data-element_type=\"container\">\n\t\t\t\t<div class=\"elementor-element elementor-element-bce3b38 elementor-widget elementor-widget-image\" data-id=\"bce3b38\" data-element_type=\"widget\" data-widget_type=\"image.default\">\n\t\t\t\t<div class=\"elementor-widget-container\">\n\t\t\t\t\t\t\t\t\t\t\t\t\t\t\t\t<a href=\"http:\/\/www.akad.pl\/bydgoszcz\" target=\"_blank\">\n\t\t\t\t\t\t\t<img fetchpriority=\"high\" decoding=\"async\" width=\"240\" height=\"300\" src=\"https:\/\/www.akad.pl\/wp-content\/uploads\/2025\/04\/Logo-LO-Bydgoszcz-bialo-czerwone-240x300.png\" class=\"attachment-medium size-medium wp-image-2692\" alt=\"\" srcset=\"https:\/\/www.akad.pl\/wp-content\/uploads\/2025\/04\/Logo-LO-Bydgoszcz-bialo-czerwone-240x300.png 240w, https:\/\/www.akad.pl\/wp-content\/uploads\/2025\/04\/Logo-LO-Bydgoszcz-bialo-czerwone.png 469w\" sizes=\"(max-width: 240px) 100vw, 240px\" \/>\t\t\t\t\t\t\t\t<\/a>\n\t\t\t\t\t\t\t\t\t\t\t\t\t\t\t<\/div>\n\t\t\t\t<\/div>\n\t\t\t\t<div class=\"elementor-element elementor-element-b774ebe elementor-widget elementor-widget-heading\" data-id=\"b774ebe\" data-element_type=\"widget\" data-widget_type=\"heading.default\">\n\t\t\t\t<div class=\"elementor-widget-container\">\n\t\t\t\t\t<h5 class=\"elementor-heading-title elementor-size-default\"><a href=\"http:\/\/www.akad.pl\/bydgoszcz\">\"Akad\" Cloud High School<\/a><\/h5>\t\t\t\t<\/div>\n\t\t\t\t<\/div>\n\t\t\t\t<div class=\"elementor-element elementor-element-7752c8b elementor-widget elementor-widget-text-editor\" data-id=\"7752c8b\" data-element_type=\"widget\" data-widget_type=\"text-editor.default\">\n\t\t\t\t<div class=\"elementor-widget-container\">\n\t\t\t\t\t\t\t\t\t<p>&#8220;Akad&#8221; High School is a nationwide, innovative school. Our offer combines homeschooling with elements of a traditional school. For students enrolled in our High School for the 2025\/26 school year&#8230;<\/p>\t\t\t\t\t\t\t\t<\/div>\n\t\t\t\t<\/div>\n\t\t\t\t<div class=\"elementor-element elementor-element-b985b3b elementor-position-right elementor-vertical-align-middle elementor-view-default elementor-mobile-position-top elementor-widget elementor-widget-icon-box\" data-id=\"b985b3b\" data-element_type=\"widget\" data-widget_type=\"icon-box.default\">\n\t\t\t\t<div class=\"elementor-widget-container\">\n\t\t\t\t\t\t\t<div class=\"elementor-icon-box-wrapper\">\n\n\t\t\t\t\t\t<div class=\"elementor-icon-box-icon\">\n\t\t\t\t<a href=\"http:\/\/www.akad.pl\/bydgoszcz\" target=\"_blank\" class=\"elementor-icon\" tabindex=\"-1\" aria-label=\"www.akad.pl\/bydgoszcz\">\n\t\t\t\t<svg aria-hidden=\"true\" class=\"e-font-icon-svg e-fas-link\" viewBox=\"0 0 512 512\" xmlns=\"http:\/\/www.w3.org\/2000\/svg\"><path d=\"M326.612 185.391c59.747 59.809 58.927 155.698.36 214.59-.11.12-.24.25-.36.37l-67.2 67.2c-59.27 59.27-155.699 59.262-214.96 0-59.27-59.26-59.27-155.7 0-214.96l37.106-37.106c9.84-9.84 26.786-3.3 27.294 10.606.648 17.722 3.826 35.527 9.69 52.721 1.986 5.822.567 12.262-3.783 16.612l-13.087 13.087c-28.026 28.026-28.905 73.66-1.155 101.96 28.024 28.579 74.086 28.749 102.325.51l67.2-67.19c28.191-28.191 28.073-73.757 0-101.83-3.701-3.694-7.429-6.564-10.341-8.569a16.037 16.037 0 0 1-6.947-12.606c-.396-10.567 3.348-21.456 11.698-29.806l21.054-21.055c5.521-5.521 14.182-6.199 20.584-1.731a152.482 152.482 0 0 1 20.522 17.197zM467.547 44.449c-59.261-59.262-155.69-59.27-214.96 0l-67.2 67.2c-.12.12-.25.25-.36.37-58.566 58.892-59.387 154.781.36 214.59a152.454 152.454 0 0 0 20.521 17.196c6.402 4.468 15.064 3.789 20.584-1.731l21.054-21.055c8.35-8.35 12.094-19.239 11.698-29.806a16.037 16.037 0 0 0-6.947-12.606c-2.912-2.005-6.64-4.875-10.341-8.569-28.073-28.073-28.191-73.639 0-101.83l67.2-67.19c28.239-28.239 74.3-28.069 102.325.51 27.75 28.3 26.872 73.934-1.155 101.96l-13.087 13.087c-4.35 4.35-5.769 10.79-3.783 16.612 5.864 17.194 9.042 34.999 9.69 52.721.509 13.906 17.454 20.446 27.294 10.606l37.106-37.106c59.271-59.259 59.271-155.699.001-214.959z\"><\/path><\/svg>\t\t\t\t<\/a>\n\t\t\t<\/div>\n\t\t\t\n\t\t\t\t\t\t<div class=\"elementor-icon-box-content\">\n\n\t\t\t\t\t\t\t\t\t<h3 class=\"elementor-icon-box-title\">\n\t\t\t\t\t\t<a href=\"http:\/\/www.akad.pl\/bydgoszcz\" target=\"_blank\" >\n\t\t\t\t\t\t\twww.akad.pl\/bydgoszcz\t\t\t\t\t\t<\/a>\n\t\t\t\t\t<\/h3>\n\t\t\t\t\n\t\t\t\t\n\t\t\t<\/div>\n\t\t\t\n\t\t<\/div>\n\t\t\t\t\t\t<\/div>\n\t\t\t\t<\/div>\n\t\t\t\t<\/div>\n\t\t<div class=\"elementor-element elementor-element-c571781 e-con-full e-flex e-con e-child\" data-id=\"c571781\" data-element_type=\"container\">\n\t\t\t\t<div class=\"elementor-element elementor-element-5155497 elementor-widget elementor-widget-image\" data-id=\"5155497\" data-element_type=\"widget\" data-widget_type=\"image.default\">\n\t\t\t\t<div class=\"elementor-widget-container\">\n\t\t\t\t\t\t\t\t\t\t\t\t\t\t\t\t<a href=\"http:\/\/www.szkolywchmurze.pl\" target=\"_blank\">\n\t\t\t\t\t\t\t<img decoding=\"async\" width=\"300\" height=\"300\" src=\"https:\/\/www.akad.pl\/wp-content\/uploads\/2025\/03\/akad-liceum-czerwone-kwadrat-300x300.png\" class=\"attachment-medium size-medium wp-image-1390\" alt=\"\" srcset=\"https:\/\/www.akad.pl\/wp-content\/uploads\/2025\/03\/akad-liceum-czerwone-kwadrat-300x300.png 300w, https:\/\/www.akad.pl\/wp-content\/uploads\/2025\/03\/akad-liceum-czerwone-kwadrat-150x150.png 150w, https:\/\/www.akad.pl\/wp-content\/uploads\/2025\/03\/akad-liceum-czerwone-kwadrat-450x450.png 450w, https:\/\/www.akad.pl\/wp-content\/uploads\/2025\/03\/akad-liceum-czerwone-kwadrat-600x602.png 600w, https:\/\/www.akad.pl\/wp-content\/uploads\/2025\/03\/akad-liceum-czerwone-kwadrat-100x100.png 100w, https:\/\/www.akad.pl\/wp-content\/uploads\/2025\/03\/akad-liceum-czerwone-kwadrat.png 604w\" sizes=\"(max-width: 300px) 100vw, 300px\" \/>\t\t\t\t\t\t\t\t<\/a>\n\t\t\t\t\t\t\t\t\t\t\t\t\t\t\t<\/div>\n\t\t\t\t<\/div>\n\t\t\t\t<div class=\"elementor-element elementor-element-76fca46 elementor-widget elementor-widget-heading\" data-id=\"76fca46\" data-element_type=\"widget\" data-widget_type=\"heading.default\">\n\t\t\t\t<div class=\"elementor-widget-container\">\n\t\t\t\t\t<h5 class=\"elementor-heading-title elementor-size-default\"><a href=\"http:\/\/www.szkolywchmurze.pl\">\"Akad\" Cloud High School<\/a><\/h5>\t\t\t\t<\/div>\n\t\t\t\t<\/div>\n\t\t\t\t<div class=\"elementor-element elementor-element-b12c004 elementor-widget elementor-widget-text-editor\" data-id=\"b12c004\" data-element_type=\"widget\" data-widget_type=\"text-editor.default\">\n\t\t\t\t<div class=\"elementor-widget-container\">\n\t\t\t\t\t\t\t\t\t<p>&#8220;Akad&#8221; High School is a nationwide, innovative school. Our offer combines homeschooling with elements of a traditional school. For students enrolled in our High School for the 2025\/26 school year&#8230;<\/p>\t\t\t\t\t\t\t\t<\/div>\n\t\t\t\t<\/div>\n\t\t\t\t<div class=\"elementor-element elementor-element-03c9177 elementor-position-right elementor-vertical-align-middle elementor-view-default elementor-mobile-position-top elementor-widget elementor-widget-icon-box\" data-id=\"03c9177\" data-element_type=\"widget\" data-widget_type=\"icon-box.default\">\n\t\t\t\t<div class=\"elementor-widget-container\">\n\t\t\t\t\t\t\t<div class=\"elementor-icon-box-wrapper\">\n\n\t\t\t\t\t\t<div class=\"elementor-icon-box-icon\">\n\t\t\t\t<a href=\"http:\/\/www.szkolywchmurze.pl\" target=\"_blank\" class=\"elementor-icon\" tabindex=\"-1\" aria-label=\"www.szkolywchmurze.pl\">\n\t\t\t\t<svg aria-hidden=\"true\" class=\"e-font-icon-svg e-fas-link\" viewBox=\"0 0 512 512\" xmlns=\"http:\/\/www.w3.org\/2000\/svg\"><path d=\"M326.612 185.391c59.747 59.809 58.927 155.698.36 214.59-.11.12-.24.25-.36.37l-67.2 67.2c-59.27 59.27-155.699 59.262-214.96 0-59.27-59.26-59.27-155.7 0-214.96l37.106-37.106c9.84-9.84 26.786-3.3 27.294 10.606.648 17.722 3.826 35.527 9.69 52.721 1.986 5.822.567 12.262-3.783 16.612l-13.087 13.087c-28.026 28.026-28.905 73.66-1.155 101.96 28.024 28.579 74.086 28.749 102.325.51l67.2-67.19c28.191-28.191 28.073-73.757 0-101.83-3.701-3.694-7.429-6.564-10.341-8.569a16.037 16.037 0 0 1-6.947-12.606c-.396-10.567 3.348-21.456 11.698-29.806l21.054-21.055c5.521-5.521 14.182-6.199 20.584-1.731a152.482 152.482 0 0 1 20.522 17.197zM467.547 44.449c-59.261-59.262-155.69-59.27-214.96 0l-67.2 67.2c-.12.12-.25.25-.36.37-58.566 58.892-59.387 154.781.36 214.59a152.454 152.454 0 0 0 20.521 17.196c6.402 4.468 15.064 3.789 20.584-1.731l21.054-21.055c8.35-8.35 12.094-19.239 11.698-29.806a16.037 16.037 0 0 0-6.947-12.606c-2.912-2.005-6.64-4.875-10.341-8.569-28.073-28.073-28.191-73.639 0-101.83l67.2-67.19c28.239-28.239 74.3-28.069 102.325.51 27.75 28.3 26.872 73.934-1.155 101.96l-13.087 13.087c-4.35 4.35-5.769 10.79-3.783 16.612 5.864 17.194 9.042 34.999 9.69 52.721.509 13.906 17.454 20.446 27.294 10.606l37.106-37.106c59.271-59.259 59.271-155.699.001-214.959z\"><\/path><\/svg>\t\t\t\t<\/a>\n\t\t\t<\/div>\n\t\t\t\n\t\t\t\t\t\t<div class=\"elementor-icon-box-content\">\n\n\t\t\t\t\t\t\t\t\t<h3 class=\"elementor-icon-box-title\">\n\t\t\t\t\t\t<a href=\"http:\/\/www.szkolywchmurze.pl\" target=\"_blank\" >\n\t\t\t\t\t\t\twww.szkolywchmurze.pl\t\t\t\t\t\t<\/a>\n\t\t\t\t\t<\/h3>\n\t\t\t\t\n\t\t\t\t\n\t\t\t<\/div>\n\t\t\t\n\t\t<\/div>\n\t\t\t\t\t\t<\/div>\n\t\t\t\t<\/div>\n\t\t\t\t<\/div>\n\t\t\t\t\t<\/div>\n\t\t\t\t<\/div>\n\t\t<div class=\"elementor-element elementor-element-95c31a8 e-flex e-con-boxed e-con e-parent\" data-id=\"95c31a8\" data-element_type=\"container\">\n\t\t\t\t\t<div class=\"e-con-inner\">\n\t\t<div class=\"elementor-element elementor-element-753a664 e-con-full e-flex e-con e-child\" data-id=\"753a664\" data-element_type=\"container\">\n\t\t\t\t<div class=\"elementor-element elementor-element-7454b58 elementor-widget elementor-widget-text-editor\" data-id=\"7454b58\" data-element_type=\"widget\" data-widget_type=\"text-editor.default\">\n\t\t\t\t<div class=\"elementor-widget-container\">\n\t\t\t\t\t\t\t\t\t<p><span style=\"font-size: 12px;\">The governing body of the Cloud High School &#8220;Akad&#8221; is <strong>Szko\u0142y Akad sp. z o.o.<\/strong> NIP: 9671486000, REGON: 541347466, KRS: 0001164910.<br \/>Bank account number: PL68 1140 2004 0000 3102 8569 9495 (BIC: BREXPLPWMBK)<br \/><\/span><span style=\"font-size: 12px;\">The website of the High School and the Akad Cloud platform are supervised by <a href=\"https:\/\/software.akad.pl\" target=\"_blank\" rel=\"noopener\">Akad Software<\/a>.<\/span><\/p>\t\t\t\t\t\t\t\t<\/div>\n\t\t\t\t<\/div>\n\t\t\t\t<\/div>\n\t\t\t\t\t<\/div>\n\t\t\t\t<\/div>\n\t\t\t\t<\/div>\n\t\t","protected":false},"excerpt":{"rendered":"<p>Szko\u0142y Akad &#8211; nauka jak w domu (+48) 665 625 000 Liceum Og\u00f3lnokszta\u0142c\u0105ce &#8220;akad&#8221; w Bydgoszczy Bez ocen, bez stresu, we w\u0142asnym tempie&#8230; i przyjaznej atmosterze. www.akad.pl\/bydgoszcz Liceum &#8220;Akad&#8221; &#8211; edukacja Domowa Szko\u0142a w chmurze te\u017c mo\u017ce by\u0107 ciekawa! Liceum Og\u00f3lnokszta\u0142c\u0105ce &#8220;Akad&#8221; to innowacyjna szko\u0142a. Nasza oferta \u0142\u0105czy edukacj\u0119 domow\u0105 z elementami tradycyjnej szko\u0142y. www.szkolywchmurze.pl [&hellip;]<\/p>\n","protected":false},"author":1,"featured_media":0,"parent":0,"menu_order":0,"comment_status":"closed","ping_status":"closed","template":"","meta":{"footnotes":""},"class_list":["post-1158","page","type-page","status-publish","hentry"],"_links":{"self":[{"href":"https:\/\/www.akad.pl\/en\/wp-json\/wp\/v2\/pages\/1158","targetHints":{"allow":["GET"]}}],"collection":[{"href":"https:\/\/www.akad.pl\/en\/wp-json\/wp\/v2\/pages"}],"about":[{"href":"https:\/\/www.akad.pl\/en\/wp-json\/wp\/v2\/types\/page"}],"author":[{"embeddable":true,"href":"https:\/\/www.akad.pl\/en\/wp-json\/wp\/v2\/users\/1"}],"replies":[{"embeddable":true,"href":"https:\/\/www.akad.pl\/en\/wp-json\/wp\/v2\/comments?post=1158"}],"version-history":[{"count":888,"href":"https:\/\/www.akad.pl\/en\/wp-json\/wp\/v2\/pages\/1158\/revisions"}],"predecessor-version":[{"id":3078,"href":"https:\/\/www.akad.pl\/en\/wp-json\/wp\/v2\/pages\/1158\/revisions\/3078"}],"wp:attachment":[{"href":"https:\/\/www.akad.pl\/en\/wp-json\/wp\/v2\/media?parent=1158"}],"curies":[{"name":"wp","href":"https:\/\/api.w.org\/{rel}","templated":true}]}}